{"id":2933,"date":"2018-06-19T10:44:17","date_gmt":"2018-06-19T08:44:17","guid":{"rendered":"https:\/\/tavom.com\/azienda\/"},"modified":"2023-12-16T16:13:04","modified_gmt":"2023-12-16T15:13:04","slug":"agence","status":"publish","type":"page","link":"https:\/\/tavom.com\/fr\/agence\/","title":{"rendered":"Agence"},"content":{"rendered":"\t\t<div data-elementor-type=\"wp-page\" data-elementor-id=\"2933\" class=\"elementor elementor-2933\">\n\t\t\t\t\t\t<section class=\"elementor-section elementor-top-section elementor-element elementor-element-7c89838d elementor-section-stretched elementor-section-height-min-height elementor-section-boxed elementor-section-height-default elementor-section-items-middle\" data-id=\"7c89838d\" data-element_type=\"section\" data-settings=\"{&quot;stretch_section&quot;:&quot;section-stretched&quot;,&quot;background_background&quot;:&quot;classic&quot;}\">\n\t\t\t\t\t\t<div class=\"elementor-container elementor-column-gap-default\">\n\t\t\t\t\t<div class=\"aux-parallax-section elementor-column elementor-col-100 elementor-top-column elementor-element elementor-element-51ad86fa aux-appear-watch-animation aux-fade-in-right\" data-id=\"51ad86fa\" data-element_type=\"column\">\n\t\t\t<div class=\"elementor-widget-wrap elementor-element-populated\">\n\t\t\t\t\t\t<div class=\"elementor-element elementor-element-65ae90d0 elementor-widget elementor-widget-aux_modern_heading\" data-id=\"65ae90d0\" data-element_type=\"widget\" data-widget_type=\"aux_modern_heading.default\">\n\t\t\t\t<div class=\"elementor-widget-container\">\n\t\t\t\t\t<section class=\"aux-widget-modern-heading\">\n            <div class=\"aux-widget-inner\"><h2 class=\"aux-modern-heading-primary\">Agence<\/h2><\/div>\n        <\/section>\t\t\t\t<\/div>\n\t\t\t\t<\/div>\n\t\t\t\t<div class=\"elementor-element elementor-element-8b41f70 elementor-widget elementor-widget-aux_breadcrumbs\" data-id=\"8b41f70\" data-element_type=\"widget\" data-widget_type=\"aux_breadcrumbs.default\">\n\t\t\t\t<div class=\"elementor-widget-container\">\n\t\t\t\t\t<div class=\"aux-elementor-breadcrumbs\"><p class=\"aux-breadcrumbs\"><span><span><a href=\"https:\/\/tavom.com\/fr\/\">Home<\/a><\/span><\/span><\/p><\/div>\t\t\t\t<\/div>\n\t\t\t\t<\/div>\n\t\t\t\t\t<\/div>\n\t\t<\/div>\n\t\t\t\t\t<\/div>\n\t\t<\/section>\n\t\t\t\t<section class=\"elementor-section elementor-top-section elementor-element elementor-element-ca2a472 elementor-section-content-middle elementor-section-boxed elementor-section-height-default elementor-section-height-default\" data-id=\"ca2a472\" data-element_type=\"section\">\n\t\t\t\t\t\t<div class=\"elementor-container elementor-column-gap-default\">\n\t\t\t\t\t<div class=\"aux-parallax-section elementor-column elementor-col-50 elementor-top-column elementor-element elementor-element-2ce959dd\" data-id=\"2ce959dd\" data-element_type=\"column\">\n\t\t\t<div class=\"elementor-widget-wrap elementor-element-populated\">\n\t\t\t\t\t\t<div class=\"elementor-element elementor-element-49d9de1 aux-appear-watch-animation aux-fade-in-up elementor-widget elementor-widget-aux_modern_heading\" data-id=\"49d9de1\" data-element_type=\"widget\" data-widget_type=\"aux_modern_heading.default\">\n\t\t\t\t<div class=\"elementor-widget-container\">\n\t\t\t\t\t<section class=\"aux-widget-modern-heading\">\n            <div class=\"aux-widget-inner\"><h2 class=\"aux-modern-heading-primary\">Agence<\/h2><h3 class=\"aux-modern-heading-secondary\"><span class=\"aux-head-before\">Tavom - 45 ans d'exp\u00e9rience dans le mobilier professionnel<\/span><\/h3><div class=\"aux-modern-heading-divider\"><\/div><div class=\"aux-modern-heading-description\"><p>Principaux domaines auxquels nous nous adressons:<\/p><ul><li><strong>&gt; Dentisterie<\/strong><\/li><li><strong>&gt; M\u00e9dical<\/strong><\/li><li><strong>&gt; Hospitalier<\/strong><\/li><li><strong>&gt; V\u00e9t\u00e9rinaire<\/strong><\/li><li><strong>&gt; Technique dentaire<\/strong><\/li><li><strong>&gt; Podologie<\/strong><\/li><li><strong>&gt; M\u00e9decine esth\u00e9tique<\/strong><\/li><li><strong>&gt; Soin de la personne<\/strong><\/li><\/ul><p>Le projet, le d\u00e9veloppement et la r\u00e9alisation ont lieu au sein de l\u2019entreprise, garantissant ainsi des normes de qualit\u00e9 \u00e9lev\u00e9es et une flexibilit\u00e9 maximale dans la personnalisation du produit.<\/p><\/div><\/div>\n        <\/section>\t\t\t\t<\/div>\n\t\t\t\t<\/div>\n\t\t\t\t\t<\/div>\n\t\t<\/div>\n\t\t\t\t<div class=\"aux-parallax-section elementor-column elementor-col-50 elementor-top-column elementor-element elementor-element-1d8d0f19 aux-appear-watch-animation aux-scale-down\" data-id=\"1d8d0f19\" data-element_type=\"column\">\n\t\t\t<div class=\"elementor-widget-wrap elementor-element-populated\">\n\t\t\t\t\t\t<div class=\"elementor-element elementor-element-28a3750 elementor-widget elementor-widget-video\" data-id=\"28a3750\" data-element_type=\"widget\" data-settings=\"{&quot;youtube_url&quot;:&quot;https:\\\/\\\/youtu.be\\\/N11QEs3LTVo&quot;,&quot;autoplay&quot;:&quot;yes&quot;,&quot;play_on_mobile&quot;:&quot;yes&quot;,&quot;loop&quot;:&quot;yes&quot;,&quot;video_type&quot;:&quot;youtube&quot;,&quot;controls&quot;:&quot;yes&quot;}\" data-widget_type=\"video.default\">\n\t\t\t\t<div class=\"elementor-widget-container\">\n\t\t\t\t\t\t\t<div class=\"elementor-wrapper elementor-open-inline\">\n\t\t\t<div class=\"elementor-video\"><\/div>\t\t<\/div>\n\t\t\t\t\t\t<\/div>\n\t\t\t\t<\/div>\n\t\t\t\t\t<\/div>\n\t\t<\/div>\n\t\t\t\t\t<\/div>\n\t\t<\/section>\n\t\t\t\t<section class=\"elementor-section elementor-top-section elementor-element elementor-element-1b9453a elementor-section-content-middle elementor-hidden-tablet elementor-hidden-phone elementor-section-boxed elementor-section-height-default elementor-section-height-default\" data-id=\"1b9453a\" data-element_type=\"section\" data-settings=\"{&quot;background_background&quot;:&quot;classic&quot;}\">\n\t\t\t\t\t\t<div class=\"elementor-container elementor-column-gap-default\">\n\t\t\t\t\t<div class=\"aux-parallax-section elementor-column elementor-col-50 elementor-top-column elementor-element elementor-element-46800144 aux-appear-watch-animation aux-fade-in-left\" data-id=\"46800144\" data-element_type=\"column\">\n\t\t\t<div class=\"elementor-widget-wrap elementor-element-populated\">\n\t\t\t\t\t\t<div class=\"elementor-element elementor-element-6b0f0e96 elementor-widget elementor-widget-aux_image\" data-id=\"6b0f0e96\" data-element_type=\"widget\" data-widget_type=\"aux_image.default\">\n\t\t\t\t<div class=\"elementor-widget-container\">\n\t\t\t\t\t<section class=\"widget-container aux-widget-image aux-alignnone aux-parent-au2ce88406\">\n    <div class=\"aux-media-hint-frame \">\n        <div class=\"aux-media-image \" >\n        \n            \n\n            \n            <img fetchpriority=\"high\" decoding=\"async\" width=\"1000\" height=\"750\" src=\"data:image\/gif;base64,R0lGODlhAQABAIAAAAAAAP\/\/\/yH5BAEAAAAALAAAAAABAAEAAAIBRAA7\" class=\"aux-attachment aux-featured-image aux-attachment-id-655 aux-preload aux-blank\" alt=\"azienda-3\" data-ratio=\"1.09\" data-original-w=\"1000\" sizes=\"auto\" data-srcset=\"https:\/\/tavom.com\/wp-content\/uploads\/2021\/05\/azienda-3-150x137.jpg 150w,https:\/\/tavom.com\/wp-content\/uploads\/2021\/05\/azienda-3-300x275.jpg 300w,https:\/\/tavom.com\/wp-content\/uploads\/2021\/05\/azienda-3-768x704.jpg 768w,https:\/\/tavom.com\/wp-content\/uploads\/2021\/05\/azienda-3-1037x950.jpg 1000w\" data-src=\"https:\/\/tavom.com\/wp-content\/uploads\/2021\/05\/azienda-3-1037x950.jpg\" \/>            \n                <\/div>\n    <\/div>\n\n<\/section><!-- widget-container -->\t\t\t\t<\/div>\n\t\t\t\t<\/div>\n\t\t\t\t\t<\/div>\n\t\t<\/div>\n\t\t\t\t<div class=\"aux-parallax-section elementor-column elementor-col-50 elementor-top-column elementor-element elementor-element-30d8bdbd\" data-id=\"30d8bdbd\" data-element_type=\"column\">\n\t\t\t<div class=\"elementor-widget-wrap elementor-element-populated\">\n\t\t\t\t\t\t<div class=\"elementor-element elementor-element-46fc4ae1 aux-appear-watch-animation aux-fade-in elementor-widget elementor-widget-aux_modern_heading\" data-id=\"46fc4ae1\" data-element_type=\"widget\" data-widget_type=\"aux_modern_heading.default\">\n\t\t\t\t<div class=\"elementor-widget-container\">\n\t\t\t\t\t<section class=\"aux-widget-modern-heading\">\n            <div class=\"aux-widget-inner\"><h2 class=\"aux-modern-heading-primary\"><\/h2><h3 class=\"aux-modern-heading-secondary\"><span class=\"aux-head-before\">Nos valeurs<\/span><\/h3><div class=\"aux-modern-heading-divider\"><\/div><\/div>\n        <\/section>\t\t\t\t<\/div>\n\t\t\t\t<\/div>\n\t\t\t\t<div class=\"elementor-element elementor-element-78ee870 elementor-icon-list--layout-traditional elementor-list-item-link-full_width elementor-widget elementor-widget-icon-list\" data-id=\"78ee870\" data-element_type=\"widget\" data-widget_type=\"icon-list.default\">\n\t\t\t\t<div class=\"elementor-widget-container\">\n\t\t\t\t\t\t\t<ul class=\"elementor-icon-list-items\">\n\t\t\t\t\t\t\t<li class=\"elementor-icon-list-item\">\n\t\t\t\t\t\t\t\t\t\t\t<span class=\"elementor-icon-list-icon\">\n\t\t\t\t\t\t\t<i aria-hidden=\"true\" class=\"fas fa-check\"><\/i>\t\t\t\t\t\t<\/span>\n\t\t\t\t\t\t\t\t\t\t<span class=\"elementor-icon-list-text\">Attention au client<\/span>\n\t\t\t\t\t\t\t\t\t<\/li>\n\t\t\t\t\t\t\t\t<li class=\"elementor-icon-list-item\">\n\t\t\t\t\t\t\t\t\t\t\t<span class=\"elementor-icon-list-icon\">\n\t\t\t\t\t\t\t<i aria-hidden=\"true\" class=\"fas fa-check\"><\/i>\t\t\t\t\t\t<\/span>\n\t\t\t\t\t\t\t\t\t\t<span class=\"elementor-icon-list-text\">Rapidit\u00e9 dans la conception des ameublements<\/span>\n\t\t\t\t\t\t\t\t\t<\/li>\n\t\t\t\t\t\t\t\t<li class=\"elementor-icon-list-item\">\n\t\t\t\t\t\t\t\t\t\t\t<span class=\"elementor-icon-list-icon\">\n\t\t\t\t\t\t\t<i aria-hidden=\"true\" class=\"fas fa-check\"><\/i>\t\t\t\t\t\t<\/span>\n\t\t\t\t\t\t\t\t\t\t<span class=\"elementor-icon-list-text\">Modularit\u00e9, fonctionnalit\u00e9 et design du meuble<\/span>\n\t\t\t\t\t\t\t\t\t<\/li>\n\t\t\t\t\t\t\t\t<li class=\"elementor-icon-list-item\">\n\t\t\t\t\t\t\t\t\t\t\t<span class=\"elementor-icon-list-icon\">\n\t\t\t\t\t\t\t<i aria-hidden=\"true\" class=\"fas fa-check\"><\/i>\t\t\t\t\t\t<\/span>\n\t\t\t\t\t\t\t\t\t\t<span class=\"elementor-icon-list-text\">Service \u00e0 la client\u00e8le avant et apr\u00e8s-vente<\/span>\n\t\t\t\t\t\t\t\t\t<\/li>\n\t\t\t\t\t\t\t\t<li class=\"elementor-icon-list-item\">\n\t\t\t\t\t\t\t\t\t\t<span class=\"elementor-icon-list-text\">En 2015 Tavom a \u00e9t\u00e9 acquise par Tecnolam srl : maintenant les standards de qualit\u00e9 peuvent compter sur des technologies de production toujours \u00e0 l\u2019avant-garde.<\/span>\n\t\t\t\t\t\t\t\t\t<\/li>\n\t\t\t\t\t\t<\/ul>\n\t\t\t\t\t\t<\/div>\n\t\t\t\t<\/div>\n\t\t\t\t\t<\/div>\n\t\t<\/div>\n\t\t\t\t\t<\/div>\n\t\t<\/section>\n\t\t\t\t<\/div>\n\t\t","protected":false},"excerpt":{"rendered":"<p>Agence Agence Tavom &#8211; 45 ans d&#8217;exp\u00e9rience dans le mobilier professionnel Principaux domaines auxquels nous nous adressons: &gt; Dentisterie &gt; M\u00e9dical &gt; Hospitalier &gt; V\u00e9t\u00e9rinaire &gt; Technique dentaire &gt; Podologie &gt; M\u00e9decine esth\u00e9tique &gt; Soin de la personne Le projet, le d\u00e9veloppement et la r\u00e9alisation ont lieu au sein de l\u2019entreprise, garantissant ainsi des normes [&hellip;]<\/p>\n","protected":false},"author":1,"featured_media":0,"parent":0,"menu_order":0,"comment_status":"closed","ping_status":"closed","template":"templates\/page-builder-content.php","meta":{"footnotes":""},"class_list":["post-2933","page","type-page","status-publish","hentry"],"yoast_head":"<!-- This site is optimized with the Yoast SEO plugin v21.6 - https:\/\/yoast.com\/wordpress\/plugins\/seo\/ -->\n<title>Agence - Tavom<\/title>\n<meta name=\"description\" content=\"Tavom - 45 anni di esperienza nell&#039;arredamento professionale dentale&gt; medicale&gt; ospedaliero&gt; veterinario\" \/>\n<meta name=\"robots\" content=\"index, follow, max-snippet:-1, max-image-preview:large, max-video-preview:-1\" \/>\n<link rel=\"canonical\" href=\"https:\/\/tavom.com\/fr\/agence\/\" \/>\n<meta property=\"og:locale\" content=\"fr_FR\" \/>\n<meta property=\"og:type\" content=\"article\" \/>\n<meta property=\"og:title\" content=\"Agence - Tavom\" \/>\n<meta property=\"og:description\" content=\"Tavom - 45 anni di esperienza nell&#039;arredamento professionale dentale&gt; medicale&gt; ospedaliero&gt; veterinario\" \/>\n<meta property=\"og:url\" content=\"https:\/\/tavom.com\/fr\/agence\/\" \/>\n<meta property=\"og:site_name\" content=\"Tavom\" \/>\n<meta property=\"article:publisher\" content=\"https:\/\/www.facebook.com\/TAVOM-Spa-112613854607771\/\" \/>\n<meta property=\"article:modified_time\" content=\"2023-12-16T15:13:04+00:00\" \/>\n<meta name=\"twitter:card\" content=\"summary_large_image\" \/>\n<meta name=\"twitter:label1\" content=\"Dur\u00e9e de lecture estim\u00e9e\" \/>\n\t<meta name=\"twitter:data1\" content=\"2 minutes\" \/>\n<script type=\"application\/ld+json\" class=\"yoast-schema-graph\">{\"@context\":\"https:\/\/schema.org\",\"@graph\":[{\"@type\":\"WebPage\",\"@id\":\"https:\/\/tavom.com\/fr\/agence\/\",\"url\":\"https:\/\/tavom.com\/fr\/agence\/\",\"name\":\"Agence - Tavom\",\"isPartOf\":{\"@id\":\"https:\/\/tavom.com\/fr\/#website\"},\"datePublished\":\"2018-06-19T08:44:17+00:00\",\"dateModified\":\"2023-12-16T15:13:04+00:00\",\"description\":\"Tavom - 45 anni di esperienza nell'arredamento professionale dentale> medicale> ospedaliero> veterinario\",\"breadcrumb\":{\"@id\":\"https:\/\/tavom.com\/fr\/agence\/#breadcrumb\"},\"inLanguage\":\"fr-FR\",\"potentialAction\":[{\"@type\":\"ReadAction\",\"target\":[\"https:\/\/tavom.com\/fr\/agence\/\"]}]},{\"@type\":\"BreadcrumbList\",\"@id\":\"https:\/\/tavom.com\/fr\/agence\/#breadcrumb\",\"itemListElement\":[{\"@type\":\"ListItem\",\"position\":1,\"name\":\"Home\",\"item\":\"https:\/\/tavom.com\/fr\/\"},{\"@type\":\"ListItem\",\"position\":2,\"name\":\"Agence\"}]},{\"@type\":\"WebSite\",\"@id\":\"https:\/\/tavom.com\/fr\/#website\",\"url\":\"https:\/\/tavom.com\/fr\/\",\"name\":\"Tavom\",\"description\":\"Arredamenti tecnici per ambienti professionali\",\"publisher\":{\"@id\":\"https:\/\/tavom.com\/fr\/#organization\"},\"potentialAction\":[{\"@type\":\"SearchAction\",\"target\":{\"@type\":\"EntryPoint\",\"urlTemplate\":\"https:\/\/tavom.com\/fr\/?s={search_term_string}\"},\"query-input\":\"required name=search_term_string\"}],\"inLanguage\":\"fr-FR\"},{\"@type\":\"Organization\",\"@id\":\"https:\/\/tavom.com\/fr\/#organization\",\"name\":\"Tavom - arredamenti tecnici per dentisti\",\"url\":\"https:\/\/tavom.com\/fr\/\",\"logo\":{\"@type\":\"ImageObject\",\"inLanguage\":\"fr-FR\",\"@id\":\"https:\/\/tavom.com\/fr\/#\/schema\/logo\/image\/\",\"url\":\"https:\/\/tavom.com\/wp-content\/uploads\/2021\/05\/Tavom_logo.png\",\"contentUrl\":\"https:\/\/tavom.com\/wp-content\/uploads\/2021\/05\/Tavom_logo.png\",\"width\":345,\"height\":98,\"caption\":\"Tavom - arredamenti tecnici per dentisti\"},\"image\":{\"@id\":\"https:\/\/tavom.com\/fr\/#\/schema\/logo\/image\/\"},\"sameAs\":[\"https:\/\/www.facebook.com\/TAVOM-Spa-112613854607771\/\"]}]}<\/script>\n<!-- \/ Yoast SEO plugin. -->","yoast_head_json":{"title":"Agence - Tavom","description":"Tavom - 45 anni di esperienza nell'arredamento professionale dentale> medicale> ospedaliero> veterinario","robots":{"index":"index","follow":"follow","max-snippet":"max-snippet:-1","max-image-preview":"max-image-preview:large","max-video-preview":"max-video-preview:-1"},"canonical":"https:\/\/tavom.com\/fr\/agence\/","og_locale":"fr_FR","og_type":"article","og_title":"Agence - Tavom","og_description":"Tavom - 45 anni di esperienza nell'arredamento professionale dentale> medicale> ospedaliero> veterinario","og_url":"https:\/\/tavom.com\/fr\/agence\/","og_site_name":"Tavom","article_publisher":"https:\/\/www.facebook.com\/TAVOM-Spa-112613854607771\/","article_modified_time":"2023-12-16T15:13:04+00:00","twitter_card":"summary_large_image","twitter_misc":{"Dur\u00e9e de lecture estim\u00e9e":"2 minutes"},"schema":{"@context":"https:\/\/schema.org","@graph":[{"@type":"WebPage","@id":"https:\/\/tavom.com\/fr\/agence\/","url":"https:\/\/tavom.com\/fr\/agence\/","name":"Agence - Tavom","isPartOf":{"@id":"https:\/\/tavom.com\/fr\/#website"},"datePublished":"2018-06-19T08:44:17+00:00","dateModified":"2023-12-16T15:13:04+00:00","description":"Tavom - 45 anni di esperienza nell'arredamento professionale dentale> medicale> ospedaliero> veterinario","breadcrumb":{"@id":"https:\/\/tavom.com\/fr\/agence\/#breadcrumb"},"inLanguage":"fr-FR","potentialAction":[{"@type":"ReadAction","target":["https:\/\/tavom.com\/fr\/agence\/"]}]},{"@type":"BreadcrumbList","@id":"https:\/\/tavom.com\/fr\/agence\/#breadcrumb","itemListElement":[{"@type":"ListItem","position":1,"name":"Home","item":"https:\/\/tavom.com\/fr\/"},{"@type":"ListItem","position":2,"name":"Agence"}]},{"@type":"WebSite","@id":"https:\/\/tavom.com\/fr\/#website","url":"https:\/\/tavom.com\/fr\/","name":"Tavom","description":"Arredamenti tecnici per ambienti professionali","publisher":{"@id":"https:\/\/tavom.com\/fr\/#organization"},"potentialAction":[{"@type":"SearchAction","target":{"@type":"EntryPoint","urlTemplate":"https:\/\/tavom.com\/fr\/?s={search_term_string}"},"query-input":"required name=search_term_string"}],"inLanguage":"fr-FR"},{"@type":"Organization","@id":"https:\/\/tavom.com\/fr\/#organization","name":"Tavom - arredamenti tecnici per dentisti","url":"https:\/\/tavom.com\/fr\/","logo":{"@type":"ImageObject","inLanguage":"fr-FR","@id":"https:\/\/tavom.com\/fr\/#\/schema\/logo\/image\/","url":"https:\/\/tavom.com\/wp-content\/uploads\/2021\/05\/Tavom_logo.png","contentUrl":"https:\/\/tavom.com\/wp-content\/uploads\/2021\/05\/Tavom_logo.png","width":345,"height":98,"caption":"Tavom - arredamenti tecnici per dentisti"},"image":{"@id":"https:\/\/tavom.com\/fr\/#\/schema\/logo\/image\/"},"sameAs":["https:\/\/www.facebook.com\/TAVOM-Spa-112613854607771\/"]}]}},"_links":{"self":[{"href":"https:\/\/tavom.com\/fr\/wp-json\/wp\/v2\/pages\/2933","targetHints":{"allow":["GET"]}}],"collection":[{"href":"https:\/\/tavom.com\/fr\/wp-json\/wp\/v2\/pages"}],"about":[{"href":"https:\/\/tavom.com\/fr\/wp-json\/wp\/v2\/types\/page"}],"author":[{"embeddable":true,"href":"https:\/\/tavom.com\/fr\/wp-json\/wp\/v2\/users\/1"}],"replies":[{"embeddable":true,"href":"https:\/\/tavom.com\/fr\/wp-json\/wp\/v2\/comments?post=2933"}],"version-history":[{"count":8,"href":"https:\/\/tavom.com\/fr\/wp-json\/wp\/v2\/pages\/2933\/revisions"}],"predecessor-version":[{"id":3415,"href":"https:\/\/tavom.com\/fr\/wp-json\/wp\/v2\/pages\/2933\/revisions\/3415"}],"wp:attachment":[{"href":"https:\/\/tavom.com\/fr\/wp-json\/wp\/v2\/media?parent=2933"}],"curies":[{"name":"wp","href":"https:\/\/api.w.org\/{rel}","templated":true}]}}